{"id":185,"date":"2018-05-23T16:05:25","date_gmt":"2018-05-23T16:05:25","guid":{"rendered":"http:\/\/stsadvogados.adv.br\/site\/?page_id=185"},"modified":"2018-07-11T14:30:58","modified_gmt":"2018-07-11T14:30:58","slug":"direito-civil","status":"publish","type":"page","link":"https:\/\/stsadvogados.adv.br\/site\/areas-de-atuacao-juridica\/direito-civil\/","title":{"rendered":"Direito C\u00edvel"},"content":{"rendered":"<p>[et_pb_section fb_built=&#8221;1&#8243; admin_label=&#8221;Page Title Section&#8221; _builder_version=&#8221;3.3.1&#8243; use_background_color_gradient=&#8221;on&#8221; background_color_gradient_start=&#8221;rgba(0,44,89,0.85)&#8221; background_color_gradient_end=&#8221;rgba(0,12,11,0.3)&#8221; background_color_gradient_overlays_image=&#8221;on&#8221; background_image=&#8221;http:\/\/stsadvogados.adv.br\/site\/wp-content\/uploads\/2018\/05\/sts-advogados-direito-civil.jpg&#8221; custom_padding=&#8221;90px||90px||false|false&#8221;][et_pb_row admin_label=&#8221;Page Title Area&#8221; _builder_version=&#8221;3.0.82&#8243; background_size=&#8221;initial&#8221; background_position=&#8221;top_left&#8221; background_repeat=&#8221;repeat&#8221;][et_pb_column type=&#8221;4_4&#8243; _builder_version=&#8221;3.0.47&#8243; parallax=&#8221;off&#8221; parallax_method=&#8221;on&#8221;][et_pb_text admin_label=&#8221;Page Title&#8221; _builder_version=&#8221;3.3.1&#8243; text_text_color=&#8221;#ffffff&#8221; text_font_size=&#8221;18px&#8221; text_line_height=&#8221;2em&#8221; header_font=&#8221;Prata||||||||&#8221; header_font_size=&#8221;40px&#8221; header_font_size_last_edited=&#8221;on|desktop&#8221; header_line_height=&#8221;1.6em&#8221; header_3_line_height=&#8221;1.8em&#8221; text_orientation=&#8221;center&#8221; background_layout=&#8221;dark&#8221; max_width=&#8221;700px&#8221; module_alignment=&#8221;center&#8221; custom_margin=&#8221;||10px|&#8221; animation_style=&#8221;fade&#8221;]<\/p>\n<h1>Direito C\u00edvel<\/h1>\n<p>[\/et_pb_text][\/et_pb_column][\/et_pb_row][\/et_pb_section][et_pb_section fb_built=&#8221;1&#8243; admin_label=&#8221;Project Analysis Section&#8221; _builder_version=&#8221;3.0.82&#8243; custom_padding=&#8221;60px||60px||false|false&#8221;][et_pb_row custom_padding=&#8221;60px|0px|60px|0px&#8221; admin_label=&#8221;Project Analysis Area&#8221; _builder_version=&#8221;3.0.82&#8243; border_color_all=&#8221;rgba(51,51,51,0.12)&#8221; border_width_top=&#8221;1px&#8221;][et_pb_column type=&#8221;1_4&#8243; _builder_version=&#8221;3.0.47&#8243; parallax=&#8221;off&#8221; parallax_method=&#8221;on&#8221;][et_pb_text admin_label=&#8221;Title&#8221; _builder_version=&#8221;3.0.105&#8243; text_font=&#8221;||||||||&#8221; header_font=&#8221;||||||||&#8221; header_3_font=&#8221;Roboto Slab||||||||&#8221; header_3_line_height=&#8221;2em&#8221; animation_style=&#8221;fold&#8221; animation_direction=&#8221;left&#8221; animation_intensity_fold=&#8221;5%&#8221;]<\/p>\n<h3>Como atuamos:<\/h3>\n<p>[\/et_pb_text][\/et_pb_column][et_pb_column type=&#8221;3_4&#8243; _builder_version=&#8221;3.0.47&#8243; parallax=&#8221;off&#8221; parallax_method=&#8221;on&#8221;][et_pb_text _builder_version=&#8221;3.3.1&#8243; text_line_height=&#8221;2em&#8221; animation_style=&#8221;fade&#8221;]Com a complexidade das rela\u00e7\u00f5es sociais,\u00a0 nosso <strong>escrit\u00f3rio de advocacia<\/strong> considera indispens\u00e1vel a utiliza\u00e7\u00e3o do meio judicial para sanear os impasses que venham a ocorrer na sociedade, de forma justa e segura.<br \/>\n[\/et_pb_text][\/et_pb_column][\/et_pb_row][et_pb_row custom_padding=&#8221;60px|0px|0|0px|false|false&#8221; admin_label=&#8221;Our Process Area&#8221; _builder_version=&#8221;3.0.82&#8243; border_color_all=&#8221;rgba(51,51,51,0.12)&#8221; border_width_top=&#8221;1px&#8221;][et_pb_column type=&#8221;1_4&#8243; _builder_version=&#8221;3.0.47&#8243; parallax=&#8221;off&#8221; parallax_method=&#8221;on&#8221;][et_pb_text admin_label=&#8221;Title&#8221; _builder_version=&#8221;3.0.83&#8243; text_font=&#8221;||||||||&#8221; header_font=&#8221;||||||||&#8221; header_3_font=&#8221;Roboto Slab||||||||&#8221; header_3_line_height=&#8221;2em&#8221; animation_style=&#8221;fold&#8221; animation_direction=&#8221;left&#8221; animation_intensity_fold=&#8221;5%&#8221;]<\/p>\n<h3>Destacam-se, dentre outros,<br \/>\nos seguintes servi\u00e7os:<\/h3>\n<p>[\/et_pb_text][\/et_pb_column][et_pb_column type=&#8221;3_4&#8243; _builder_version=&#8221;3.0.47&#8243; parallax=&#8221;off&#8221; parallax_method=&#8221;on&#8221;][et_pb_blurb title=&#8221;Obriga\u00e7\u00f5es e Responsabilidade Civil, com \u00eanfase em processos de ressarcimento, incluindo danos morais;&#8221; use_icon=&#8221;on&#8221; font_icon=&#8221;%%54%%&#8221; icon_color=&#8221;#ffa40d&#8221; icon_placement=&#8221;left&#8221; content_max_width=&#8221;800px&#8221; use_icon_font_size=&#8221;on&#8221; icon_font_size=&#8221;32px&#8221; _builder_version=&#8221;3.0.105&#8243; header_font=&#8221;||||||||&#8221; header_font_size=&#8221;16px&#8221; header_line_height=&#8221;2em&#8221; body_font=&#8221;||||||||&#8221; custom_margin=&#8221;||0px|&#8221; custom_padding=&#8221;|||&#8221; animation_style=&#8221;fade&#8221;][\/et_pb_blurb][et_pb_blurb title=&#8221;Direito Sucess\u00f3rio e de Fam\u00edlia;&#8221; use_icon=&#8221;on&#8221; font_icon=&#8221;%%54%%&#8221; icon_color=&#8221;#ffa40d&#8221; icon_placement=&#8221;left&#8221; content_max_width=&#8221;800px&#8221; use_icon_font_size=&#8221;on&#8221; icon_font_size=&#8221;32px&#8221; _builder_version=&#8221;3.0.101&#8243; header_font=&#8221;||||||||&#8221; header_font_size=&#8221;16px&#8221; header_line_height=&#8221;2em&#8221; body_font=&#8221;||||||||&#8221; custom_margin=&#8221;||0px|&#8221; custom_padding=&#8221;|||&#8221; animation_style=&#8221;fade&#8221;][\/et_pb_blurb][et_pb_blurb title=&#8221;Contratos em Geral;&#8221; use_icon=&#8221;on&#8221; font_icon=&#8221;%%54%%&#8221; icon_color=&#8221;#ffa40d&#8221; icon_placement=&#8221;left&#8221; content_max_width=&#8221;800px&#8221; use_icon_font_size=&#8221;on&#8221; icon_font_size=&#8221;32px&#8221; _builder_version=&#8221;3.0.82&#8243; header_font=&#8221;||||||||&#8221; header_font_size=&#8221;16px&#8221; header_line_height=&#8221;2em&#8221; body_font=&#8221;||||||||&#8221; custom_margin=&#8221;||0px|&#8221; custom_padding=&#8221;|||&#8221; animation_style=&#8221;fade&#8221;][\/et_pb_blurb][et_pb_blurb title=&#8221;Revis\u00e3o de contratos com base nos Princ\u00edpios do C\u00f3digo do Consumidor contra Institui\u00e7\u00f5es Banc\u00e1rias e outras;&#8221; use_icon=&#8221;on&#8221; font_icon=&#8221;%%54%%&#8221; icon_color=&#8221;#ffa40d&#8221; icon_placement=&#8221;left&#8221; content_max_width=&#8221;800px&#8221; use_icon_font_size=&#8221;on&#8221; icon_font_size=&#8221;32px&#8221; _builder_version=&#8221;3.3.1&#8243; header_font_size=&#8221;16px&#8221; header_line_height=&#8221;2em&#8221; custom_margin=&#8221;||0px|&#8221; custom_padding=&#8221;|||&#8221; animation_style=&#8221;fade&#8221;][\/et_pb_blurb][et_pb_blurb title=&#8221;Nulidade de cl\u00e1usulas contratuais que estejam em desacordo com o CDC (abusivas) junto a Institui\u00e7\u00f5es Banc\u00e1rias, Seguradoras e Prestadoras e Servi\u00e7os em geral;&#8221; use_icon=&#8221;on&#8221; font_icon=&#8221;%%54%%&#8221; icon_color=&#8221;#ffa40d&#8221; icon_placement=&#8221;left&#8221; content_max_width=&#8221;800px&#8221; use_icon_font_size=&#8221;on&#8221; icon_font_size=&#8221;32px&#8221; _builder_version=&#8221;3.3.1&#8243; header_font_size=&#8221;16px&#8221; header_line_height=&#8221;2em&#8221; custom_margin=&#8221;||0px|&#8221; custom_padding=&#8221;|||&#8221; animation_style=&#8221;fade&#8221;][\/et_pb_blurb][et_pb_blurb title=&#8221;Indeniza\u00e7\u00e3o por dano moral, principalmente no que tange a inscri\u00e7\u00f5es indevidas no SERASA;&#8221; use_icon=&#8221;on&#8221; font_icon=&#8221;%%54%%&#8221; icon_color=&#8221;#ffa40d&#8221; icon_placement=&#8221;left&#8221; content_max_width=&#8221;800px&#8221; use_icon_font_size=&#8221;on&#8221; icon_font_size=&#8221;32px&#8221; _builder_version=&#8221;3.3.1&#8243; header_font_size=&#8221;16px&#8221; header_line_height=&#8221;2em&#8221; custom_margin=&#8221;||0px|&#8221; custom_padding=&#8221;|||&#8221; animation_style=&#8221;fade&#8221;][\/et_pb_blurb][et_pb_blurb title=&#8221;Medidas cautelares para a exclus\u00e3o de inscri\u00e7\u00f5es nos \u00f3rg\u00e3os de prote\u00e7\u00e3o ao cr\u00e9dito (SERASA e SPC), relativas a d\u00edvidas em discuss\u00e3o judicial, ou inscri\u00e7\u00f5es indevidas naqueles \u00f3rg\u00e3os;&#8221; use_icon=&#8221;on&#8221; font_icon=&#8221;%%54%%&#8221; icon_color=&#8221;#ffa40d&#8221; icon_placement=&#8221;left&#8221; content_max_width=&#8221;800px&#8221; use_icon_font_size=&#8221;on&#8221; icon_font_size=&#8221;32px&#8221; _builder_version=&#8221;3.0.82&#8243; header_font=&#8221;||||||||&#8221; header_font_size=&#8221;16px&#8221; header_line_height=&#8221;2em&#8221; body_font=&#8221;||||||||&#8221; custom_margin=&#8221;||0px|&#8221; custom_padding=&#8221;|||&#8221; animation_style=&#8221;fade&#8221;][\/et_pb_blurb][et_pb_blurb title=&#8221;Direito Banc\u00e1rio &#8211; atua\u00e7\u00e3o em \u00e2mbito consultivo e contencioso para pessoas Jur\u00eddicas e F\u00edsicas. Prote\u00e7\u00e3o Patrimonial, Planejamento do Patrim\u00f4nio, Elabora\u00e7\u00e3o e Revis\u00e3o de Contratos, Juros Abusivos, Empr\u00e9stimos, Cart\u00f5es de Cr\u00e9dito, Cheque Especial, Financiamentos, Execu\u00e7\u00f5es e Monit\u00f3rias, Cobran\u00e7as, D\u00edvidas Banc\u00e1rias, Pr\u00e1ticas Abusivas, entre outros.&#8221; use_icon=&#8221;on&#8221; font_icon=&#8221;%%54%%&#8221; icon_color=&#8221;#ffa40d&#8221; icon_placement=&#8221;left&#8221; content_max_width=&#8221;800px&#8221; use_icon_font_size=&#8221;on&#8221; icon_font_size=&#8221;32px&#8221; _builder_version=&#8221;3.0.82&#8243; header_font=&#8221;||||||||&#8221; header_font_size=&#8221;16px&#8221; header_line_height=&#8221;2em&#8221; body_font=&#8221;||||||||&#8221; custom_margin=&#8221;||0px|&#8221; custom_padding=&#8221;|||&#8221; animation_style=&#8221;fade&#8221;][\/et_pb_blurb][\/et_pb_column][\/et_pb_row][\/et_pb_section][et_pb_section fb_built=&#8221;1&#8243; admin_label=&#8221;CTA Section&#8221; _builder_version=&#8221;3.3.1&#8243; use_background_color_gradient=&#8221;on&#8221; background_color_gradient_start=&#8221;#313e47&#8243; background_color_gradient_end=&#8221;rgba(49,62,71,0.74)&#8221; background_color_gradient_overlays_image=&#8221;on&#8221; background_image=&#8221;http:\/\/stsadvogados.adv.br\/site\/wp-content\/uploads\/2018\/05\/law-firm-03.jpg&#8221; border_color_all=&#8221;#26333a&#8221; border_width_left=&#8221;8vw&#8221; custom_padding=&#8221;60px|0px|60px||false|false&#8221; locked=&#8221;off&#8221;][et_pb_row use_custom_gutter=&#8221;on&#8221; gutter_width=&#8221;2&#8243; admin_label=&#8221;CTA Area&#8221; _builder_version=&#8221;3.3.1&#8243; locked=&#8221;off&#8221;][et_pb_column type=&#8221;2_3&#8243; _builder_version=&#8221;3.0.47&#8243; parallax=&#8221;off&#8221; parallax_method=&#8221;on&#8221;][et_pb_text admin_label=&#8221;Title&#8221; _builder_version=&#8221;3.3.1&#8243; header_2_font=&#8221;Prata||||||||&#8221; header_2_font_size=&#8221;36px&#8221; header_2_font_size_tablet=&#8221;40px&#8221; header_2_font_size_last_edited=&#8221;on|tablet&#8221; header_2_line_height=&#8221;1.6em&#8221; background_layout=&#8221;dark&#8221; module_alignment=&#8221;center&#8221; custom_margin=&#8221;|||&#8221; custom_padding=&#8221;|||&#8221; animation_style=&#8221;fade&#8221; locked=&#8221;off&#8221;]<\/p>\n<h2>Possui alguma d\u00favida sobre<br \/>\nseus direitos?<\/h2>\n<p>[\/et_pb_text][\/et_pb_column][et_pb_column type=&#8221;1_3&#8243; _builder_version=&#8221;3.0.47&#8243; parallax=&#8221;off&#8221; parallax_method=&#8221;on&#8221;][et_pb_button button_url=&#8221;http:\/\/stsadvogados.adv.br\/site\/contato\/&#8221; button_text=&#8221;Entre em contato&#8221; _builder_version=&#8221;3.3.1&#8243; custom_button=&#8221;on&#8221; button_text_size=&#8221;14px&#8221; button_text_color=&#8221;#ffba60&#8243; button_border_width=&#8221;2px&#8221; button_border_color=&#8221;rgba(255,164,13,0.4)&#8221; button_border_radius=&#8221;0px&#8221; button_letter_spacing=&#8221;4px&#8221; button_font=&#8221;|700||on|||||&#8221; button_icon=&#8221;%%3%%&#8221; button_bg_color_hover=&#8221;rgba(0,0,0,0)&#8221; custom_margin=&#8221;10px|||&#8221; custom_padding=&#8221;10px||10px|&#8221; animation_style=&#8221;fade&#8221; animation_direction=&#8221;right&#8221;][\/et_pb_button][\/et_pb_column][\/et_pb_row][\/et_pb_section]<\/p>\n","protected":false},"excerpt":{"rendered":"<p>[et_pb_section fb_built=&#8221;1&#8243; admin_label=&#8221;Page Title Section&#8221; _builder_version=&#8221;3.3.1&#8243; use_background_color_gradient=&#8221;on&#8221; background_color_gradient_start=&#8221;rgba(0,44,89,0.85)&#8221; background_color_gradient_end=&#8221;rgba(0,12,11,0.3)&#8221; background_color_gradient_overlays_image=&#8221;on&#8221; background_image=&#8221;http:\/\/stsadvogados.adv.br\/site\/wp-content\/uploads\/2018\/05\/sts-advogados-direito-civil.jpg&#8221; custom_padding=&#8221;90px||90px||false|false&#8221;][et_pb_row admin_label=&#8221;Page Title Area&#8221; _builder_version=&#8221;3.0.82&#8243; background_size=&#8221;initial&#8221; background_position=&#8221;top_left&#8221; background_repeat=&#8221;repeat&#8221;][et_pb_column type=&#8221;4_4&#8243; _builder_version=&#8221;3.0.47&#8243; parallax=&#8221;off&#8221; parallax_method=&#8221;on&#8221;][et_pb_text admin_label=&#8221;Page Title&#8221; _builder_version=&#8221;3.3.1&#8243; text_text_color=&#8221;#ffffff&#8221; text_font_size=&#8221;18px&#8221; text_line_height=&#8221;2em&#8221; header_font=&#8221;Prata||||||||&#8221; header_font_size=&#8221;40px&#8221; header_font_size_last_edited=&#8221;on|desktop&#8221; header_line_height=&#8221;1.6em&#8221; header_3_line_height=&#8221;1.8em&#8221; text_orientation=&#8221;center&#8221; background_layout=&#8221;dark&#8221; max_width=&#8221;700px&#8221; module_alignment=&#8221;center&#8221; custom_margin=&#8221;||10px|&#8221; animation_style=&#8221;fade&#8221;] Direito C\u00edvel [\/et_pb_text][\/et_pb_column][\/et_pb_row][\/et_pb_section][et_pb_section fb_built=&#8221;1&#8243; admin_label=&#8221;Project Analysis Section&#8221; _builder_version=&#8221;3.0.82&#8243; custom_padding=&#8221;60px||60px||false|false&#8221;][et_pb_row custom_padding=&#8221;60px|0px|60px|0px&#8221; admin_label=&#8221;Project Analysis Area&#8221; _builder_version=&#8221;3.0.82&#8243; border_color_all=&#8221;rgba(51,51,51,0.12)&#8221; [&hellip;]<\/p>\n","protected":false},"author":1,"featured_media":0,"parent":109,"menu_order":0,"comment_status":"closed","ping_status":"closed","template":"","meta":{"footnotes":""},"class_list":["post-185","page","type-page","status-publish","hentry"],"_links":{"self":[{"href":"https:\/\/stsadvogados.adv.br\/site\/wp-json\/wp\/v2\/pages\/185","targetHints":{"allow":["GET"]}}],"collection":[{"href":"https:\/\/stsadvogados.adv.br\/site\/wp-json\/wp\/v2\/pages"}],"about":[{"href":"https:\/\/stsadvogados.adv.br\/site\/wp-json\/wp\/v2\/types\/page"}],"author":[{"embeddable":true,"href":"https:\/\/stsadvogados.adv.br\/site\/wp-json\/wp\/v2\/users\/1"}],"replies":[{"embeddable":true,"href":"https:\/\/stsadvogados.adv.br\/site\/wp-json\/wp\/v2\/comments?post=185"}],"version-history":[{"count":7,"href":"https:\/\/stsadvogados.adv.br\/site\/wp-json\/wp\/v2\/pages\/185\/revisions"}],"predecessor-version":[{"id":310,"href":"https:\/\/stsadvogados.adv.br\/site\/wp-json\/wp\/v2\/pages\/185\/revisions\/310"}],"up":[{"embeddable":true,"href":"https:\/\/stsadvogados.adv.br\/site\/wp-json\/wp\/v2\/pages\/109"}],"wp:attachment":[{"href":"https:\/\/stsadvogados.adv.br\/site\/wp-json\/wp\/v2\/media?parent=185"}],"curies":[{"name":"wp","href":"https:\/\/api.w.org\/{rel}","templated":true}]}}