{"id":98,"date":"2018-05-21T21:15:11","date_gmt":"2018-05-21T21:15:11","guid":{"rendered":"http:\/\/stsadvogados.adv.br\/site\/?page_id=98"},"modified":"2024-05-06T20:17:14","modified_gmt":"2024-05-06T20:17:14","slug":"apresentacao","status":"publish","type":"page","link":"https:\/\/stsadvogados.adv.br\/site\/apresentacao\/","title":{"rendered":"Apresenta\u00e7\u00e3o"},"content":{"rendered":"<p>[et_pb_section fb_built=&#8221;1&#8243; admin_label=&#8221;Page Title Section&#8221; _builder_version=&#8221;3.3.1&#8243; use_background_color_gradient=&#8221;on&#8221; background_color_gradient_start=&#8221;rgba(0,44,89,0.85)&#8221; background_color_gradient_end=&#8221;rgba(0,12,11,0.3)&#8221; background_color_gradient_overlays_image=&#8221;on&#8221; background_image=&#8221;http:\/\/stsadvogados.adv.br\/site\/wp-content\/uploads\/2018\/05\/sta-advogados-escritorio-de-advocacia.jpg&#8221; custom_padding=&#8221;90px||90px||false|false&#8221;][et_pb_row admin_label=&#8221;Page Title Area&#8221; _builder_version=&#8221;3.3.1&#8243; background_size=&#8221;initial&#8221; background_position=&#8221;top_left&#8221; background_repeat=&#8221;repeat&#8221;][et_pb_column type=&#8221;4_4&#8243; _builder_version=&#8221;3.0.47&#8243; parallax=&#8221;off&#8221; parallax_method=&#8221;on&#8221;][et_pb_text admin_label=&#8221;Page Title&#8221; _builder_version=&#8221;3.3.1&#8243; text_font_size=&#8221;18px&#8221; text_line_height=&#8221;2em&#8221; header_font=&#8221;Prata||||||||&#8221; header_font_size=&#8221;40px&#8221; header_font_size_tablet=&#8221;40px&#8221; header_font_size_last_edited=&#8221;on|tablet&#8221; header_line_height=&#8221;1.6em&#8221; text_orientation=&#8221;center&#8221; background_layout=&#8221;dark&#8221; max_width=&#8221;700px&#8221; module_alignment=&#8221;center&#8221; custom_margin=&#8221;|||&#8221; animation_style=&#8221;fade&#8221;]<\/p>\n<h1>Santos Teles &amp; Santos Advogados<\/h1>\n<p>Nosso escrit\u00f3rio desponta como um novo conceito de escrit\u00f3rio de advocacia.<br \/>\n[\/et_pb_text][\/et_pb_column][\/et_pb_row][\/et_pb_section][et_pb_section fb_built=&#8221;1&#8243; admin_label=&#8221;Welcome Section&#8221; _builder_version=&#8221;3.0.82&#8243; custom_padding=&#8221;60px||90px||false|false&#8221;][et_pb_row padding_top_1=&#8221;80px&#8221; padding_bottom_1=&#8221;80px&#8221; admin_label=&#8221;Welcome Area&#8221; _builder_version=&#8221;3.0.105&#8243;][et_pb_column type=&#8221;1_2&#8243; _builder_version=&#8221;3.0.47&#8243; padding_bottom=&#8221;80px&#8221; padding_top=&#8221;80px&#8221; parallax=&#8221;off&#8221; parallax_method=&#8221;on&#8221;][et_pb_text admin_label=&#8221;Title&#8221; _builder_version=&#8221;3.3.1&#8243; text_font=&#8221;||||||||&#8221; header_font=&#8221;||||||||&#8221; header_2_font=&#8221;Prata||||||||&#8221; header_2_font_size=&#8221;48px&#8221; header_2_font_size_tablet=&#8221;40px&#8221; header_2_font_size_last_edited=&#8221;on|tablet&#8221; header_2_line_height=&#8221;1.6em&#8221; custom_margin=&#8221;||10px|&#8221; animation_style=&#8221;fade&#8221; animation_direction=&#8221;left&#8221; animation_starting_opacity=&#8221;100%&#8221;]<\/p>\n<h2>Solu\u00e7\u00f5es construtivas para seus desafios<\/h2>\n<p>[\/et_pb_text][et_pb_divider divider_position=&#8221;center&#8221; divider_weight=&#8221;3px&#8221; _builder_version=&#8221;3.3.1&#8243; max_width=&#8221;70px&#8221; animation_style=&#8221;slide&#8221; animation_direction=&#8221;right&#8221; animation_intensity_slide=&#8221;5%&#8221; animation_starting_opacity=&#8221;100%&#8221;][\/et_pb_divider][et_pb_text _builder_version=&#8221;3.3.1&#8243; text_line_height=&#8221;2em&#8221; max_width=&#8221;500px&#8221; animation_direction=&#8221;left&#8221;]Capital humano, posicionamento de mercado, processos gerenciais e capacidade para criar e entregar valor aos clientes definem as nossas principais compet\u00eancias, que permitem ao nosso\u00a0<strong>escrit\u00f3rio<\/strong> oferecer servi\u00e7os com elevados padr\u00f5es de efici\u00eancia, primando sempre para a maximiza\u00e7\u00e3o da qualidade e resultados e a minimiza\u00e7\u00e3o de custos.<\/p>\n<p>O escrit\u00f3rio possui ampla experi\u00eancia nos mais variados setores da economia, estando capacitado para oferecer\u00a0<strong>assessoria jur\u00eddica<\/strong>\u00a0nas diversas mat\u00e9rias relacionadas a estes setores, tais como as \u00e1reas de\u00a0<strong>Direito Tribut\u00e1rio, Societ\u00e1rio, Previdenci\u00e1rio, C\u00edvel e Planejamento patrimonial da fam\u00edlia.<\/strong><\/p>\n<p>&nbsp;<\/p>\n<p>N\u00f3s nos empenhamos em desenvolver um relacionamento s\u00f3lido e duradouro com os nossos clientes e parceiros possibilitando assim conhecer profundamente o neg\u00f3cio e o mercado de cada um deles.<br \/>\n[\/et_pb_text][\/et_pb_column][et_pb_column type=&#8221;1_2&#8243; _builder_version=&#8221;3.0.47&#8243; parallax=&#8221;off&#8221; parallax_method=&#8221;on&#8221;][et_pb_image src=&#8221;http:\/\/stsadvogados.adv.br\/site\/wp-content\/uploads\/2018\/05\/sts-advogados-apresentacao-f1.jpg&#8221; show_bottom_space=&#8221;off&#8221; force_fullwidth=&#8221;on&#8221; _builder_version=&#8221;3.3.1&#8243; border_width_all=&#8221;10px&#8221; border_color_all=&#8221;#ffffff&#8221; box_shadow_style=&#8221;preset2&#8243; box_shadow_horizontal=&#8221;0px&#8221; box_shadow_vertical=&#8221;15px&#8221; box_shadow_blur=&#8221;60px&#8221; box_shadow_color=&#8221;rgba(29,61,71,0.2)&#8221; animation_style=&#8221;slide&#8221; animation_direction=&#8221;right&#8221; animation_intensity_slide=&#8221;2%&#8221;][\/et_pb_image][\/et_pb_column][\/et_pb_row][\/et_pb_section][et_pb_section fb_built=&#8221;1&#8243; admin_label=&#8221;Why Choose Us Section&#8221; _builder_version=&#8221;3.3.1&#8243; background_color=&#8221;#a87f2d&#8221; custom_padding=&#8221;0px||0px|&#8221;][et_pb_row use_custom_width=&#8221;on&#8221; width_unit=&#8221;off&#8221; custom_width_percent=&#8221;100%&#8221; custom_padding=&#8221;0px|0px|0px|&#8221; custom_margin=&#8221;|||&#8221; padding_top_2=&#8221;80px&#8221; padding_right_2=&#8221;5%&#8221; padding_bottom_2=&#8221;80px&#8221; padding_2_tablet=&#8221;|10%||10%&#8221; padding_2_last_edited=&#8221;on|tablet&#8221; admin_label=&#8221;Why Choose Us Area&#8221; _builder_version=&#8221;3.0.105&#8243;][et_pb_column type=&#8221;1_3&#8243; _builder_version=&#8221;3.0.47&#8243; parallax=&#8221;off&#8221; parallax_method=&#8221;on&#8221;][et_pb_image src=&#8221;http:\/\/stsadvogados.adv.br\/site\/wp-content\/uploads\/2018\/05\/sts-advogados-valores.jpg&#8221; show_bottom_space=&#8221;off&#8221; force_fullwidth=&#8221;on&#8221; _builder_version=&#8221;3.3.1&#8243;][\/et_pb_image][\/et_pb_column][et_pb_column type=&#8221;2_3&#8243; _builder_version=&#8221;3.0.47&#8243; padding_tablet=&#8221;|10%||10%&#8221; padding_last_edited=&#8221;on|tablet&#8221; padding_bottom=&#8221;80px&#8221; padding_right=&#8221;5%&#8221; padding_top=&#8221;80px&#8221; parallax=&#8221;off&#8221; parallax_method=&#8221;on&#8221;][et_pb_text admin_label=&#8221;Title&#8221; _builder_version=&#8221;3.0.105&#8243; text_font=&#8221;||||||||&#8221; header_font=&#8221;||||||||&#8221; header_2_font=&#8221;Prata||||||||&#8221; header_2_font_size=&#8221;48px&#8221; header_2_font_size_tablet=&#8221;40px&#8221; header_2_font_size_last_edited=&#8221;on|tablet&#8221; header_2_line_height=&#8221;1.6em&#8221; background_layout=&#8221;dark&#8221; custom_margin=&#8221;||10px|&#8221; animation_style=&#8221;slide&#8221; animation_direction=&#8221;right&#8221; animation_intensity_slide=&#8221;5%&#8221; animation_starting_opacity=&#8221;100%&#8221; locked=&#8221;off&#8221;]<\/p>\n<h2>Posicionamento<\/h2>\n<p>[\/et_pb_text][et_pb_divider color=&#8221;#ffffff&#8221; divider_position=&#8221;center&#8221; divider_weight=&#8221;3px&#8221; _builder_version=&#8221;3.2&#8243; max_width=&#8221;70px&#8221; custom_margin=&#8221;||35px|&#8221; animation_style=&#8221;slide&#8221; animation_direction=&#8221;right&#8221; animation_intensity_slide=&#8221;5%&#8221; animation_starting_opacity=&#8221;100%&#8221; locked=&#8221;off&#8221;][\/et_pb_divider][et_pb_text _builder_version=&#8221;3.3.1&#8243; text_line_height=&#8221;1.8em&#8221; header_3_font=&#8221;Roboto Slab||||||||&#8221; header_3_line_height=&#8221;1.4em&#8221; background_layout=&#8221;dark&#8221; custom_margin=&#8221;|||&#8221; animation_style=&#8221;slide&#8221; animation_direction=&#8221;right&#8221; animation_intensity_slide=&#8221;5%&#8221; animation_starting_opacity=&#8221;100%&#8221;]<\/p>\n<h3>Miss\u00e3o<\/h3>\n<p>Prover servi\u00e7os jur\u00eddicos de qualidade, a fim de orientar os clientes na escolha da melhor estrat\u00e9gia para alcan\u00e7ar seus objetivos de forma eficaz e inovadora.<br \/>\n[\/et_pb_text][et_pb_text _builder_version=&#8221;3.3.1&#8243; text_line_height=&#8221;1.8em&#8221; header_3_font=&#8221;Roboto Slab||||||||&#8221; header_3_line_height=&#8221;1.4em&#8221; background_layout=&#8221;dark&#8221; custom_margin=&#8221;|||&#8221; animation_style=&#8221;slide&#8221; animation_direction=&#8221;right&#8221; animation_intensity_slide=&#8221;5%&#8221; animation_starting_opacity=&#8221;100%&#8221;]<\/p>\n<h3>Vis\u00e3o<\/h3>\n<p>Ser reconhecido como um eficiente prestador de servi\u00e7os jur\u00eddicose estar entre os maiores <strong>escrit\u00f3rios de advocacia do Rio de Janeiro<\/strong> com reconhecimento nacional pela qualidade dos servi\u00e7os prestados.<br \/>\n[\/et_pb_text][\/et_pb_column][\/et_pb_row][\/et_pb_section][et_pb_section fb_built=&#8221;1&#8243; admin_label=&#8221;Our Philosophy Section&#8221; _builder_version=&#8221;3.3.1&#8243; background_color=&#8221;#f7f7f7&#8243; border_color_all=&#8221;#a87f2d&#8221; border_width_right=&#8221;8vw&#8221; border_color_right=&#8221;rgba(168,127,45,0.7)&#8221; custom_padding=&#8221;60px||60px||false|false&#8221;][et_pb_row custom_padding=&#8221;27px|0px|0|0px|false|false&#8221; admin_label=&#8221;Our Philosophy Area&#8221; _builder_version=&#8221;3.0.82&#8243; locked=&#8221;off&#8221;][et_pb_column type=&#8221;4_4&#8243; _builder_version=&#8221;3.0.47&#8243; parallax=&#8221;off&#8221; parallax_method=&#8221;on&#8221;][et_pb_text admin_label=&#8221;Title&#8221; _builder_version=&#8221;3.3.1&#8243; text_font=&#8221;||||||||&#8221; header_font=&#8221;||||||||&#8221; header_2_font=&#8221;Prata||||||||&#8221; header_2_text_align=&#8221;center&#8221; header_2_font_size=&#8221;48px&#8221; header_2_font_size_tablet=&#8221;40px&#8221; header_2_font_size_last_edited=&#8221;on|tablet&#8221; header_2_line_height=&#8221;1.6em&#8221; module_alignment=&#8221;center&#8221; custom_margin=&#8221;||10px|&#8221; custom_padding=&#8221;|||&#8221; animation_style=&#8221;fade&#8221;]<\/p>\n<h2>Valores<\/h2>\n<p>[\/et_pb_text][et_pb_divider divider_position=&#8221;center&#8221; divider_weight=&#8221;3px&#8221; _builder_version=&#8221;3.3.1&#8243; max_width=&#8221;70px&#8221; module_alignment=&#8221;center&#8221; animation_style=&#8221;slide&#8221; animation_direction=&#8221;top&#8221; animation_intensity_slide=&#8221;10%&#8221; animation_starting_opacity=&#8221;100%&#8221; locked=&#8221;off&#8221;][\/et_pb_divider][\/et_pb_column][\/et_pb_row][et_pb_row custom_padding=&#8221;27px|0px|0|0px|false|false&#8221; admin_label=&#8221;Our Philosophy Area&#8221; _builder_version=&#8221;3.3.1&#8243;][et_pb_column type=&#8221;4_4&#8243; _builder_version=&#8221;3.0.47&#8243; parallax=&#8221;off&#8221; parallax_method=&#8221;on&#8221;][et_pb_text admin_label=&#8221;Title&#8221; _builder_version=&#8221;3.0.105&#8243; text_font=&#8221;||||||||&#8221; text_line_height=&#8221;2em&#8221; header_font=&#8221;||||||||&#8221; header_3_font=&#8221;Roboto Slab||||||||&#8221; header_3_line_height=&#8221;1.4em&#8221; custom_margin=&#8221;||10px|&#8221; animation_style=&#8221;fold&#8221; animation_direction=&#8221;bottom&#8221; animation_intensity_fold=&#8221;5%&#8221; animation_starting_opacity=&#8221;100%&#8221;]<\/p>\n<h3>1 &#8211; Satisfa\u00e7\u00e3o do Cliente<\/h3>\n<p>Prestar servi\u00e7os jur\u00eddicos de qualidade, a fim de auxiliar nossos clientes a alcan\u00e7ar seus objetivos satisfazendo suas expectativas.<br \/>\n[\/et_pb_text][et_pb_text admin_label=&#8221;Title&#8221; _builder_version=&#8221;3.0.101&#8243; text_font=&#8221;||||||||&#8221; text_line_height=&#8221;2em&#8221; header_font=&#8221;||||||||&#8221; header_3_font=&#8221;Roboto Slab||||||||&#8221; header_3_line_height=&#8221;1.4em&#8221; custom_margin=&#8221;||10px|&#8221; animation_style=&#8221;fold&#8221; animation_direction=&#8221;bottom&#8221; animation_intensity_fold=&#8221;5%&#8221; animation_starting_opacity=&#8221;100%&#8221; locked=&#8221;off&#8221;]<\/p>\n<h3>2 &#8211; Profissionalismo com Respeito e Transpar\u00eancia<\/h3>\n<p>Trabalhamos com a confian\u00e7a nas pessoas e nos processos. Somos empenhados em conquist\u00e1-la e super\u00e1-la diariamente, projeto por projeto, cliente por cliente, pessoa por pessoa.<br \/>\n[\/et_pb_text][et_pb_text admin_label=&#8221;Title&#8221; _builder_version=&#8221;3.0.101&#8243; text_font=&#8221;||||||||&#8221; text_line_height=&#8221;2em&#8221; header_font=&#8221;||||||||&#8221; header_3_font=&#8221;Roboto Slab||||||||&#8221; header_3_line_height=&#8221;1.4em&#8221; custom_margin=&#8221;||10px|&#8221; animation_style=&#8221;fold&#8221; animation_direction=&#8221;bottom&#8221; animation_intensity_fold=&#8221;5%&#8221; animation_starting_opacity=&#8221;100%&#8221; locked=&#8221;off&#8221;]<\/p>\n<h3>3 &#8211; Trabalho em Equipe com \u00c9tica<\/h3>\n<p>Somos um escrit\u00f3rio n\u00e3o s\u00f3 de advogados, mas de colaboradores, clientes e parceiros. Para n\u00f3s, o resultado se conquista com dedica\u00e7\u00e3o, for\u00e7a de trabalho, supera\u00e7\u00e3o e participa\u00e7\u00e3o de todos<br \/>\n[\/et_pb_text][et_pb_text admin_label=&#8221;Title&#8221; _builder_version=&#8221;3.0.101&#8243; text_font=&#8221;||||||||&#8221; text_line_height=&#8221;2em&#8221; header_font=&#8221;||||||||&#8221; header_3_font=&#8221;Roboto Slab||||||||&#8221; header_3_line_height=&#8221;1.4em&#8221; custom_margin=&#8221;||10px|&#8221; animation_style=&#8221;fold&#8221; animation_direction=&#8221;bottom&#8221; animation_intensity_fold=&#8221;5%&#8221; animation_starting_opacity=&#8221;100%&#8221; locked=&#8221;off&#8221;]<\/p>\n<h3>4 &#8211; Aprimoramento Evolutivo<\/h3>\n<p>Para evoluir \u00e9 preciso atualizar-se constantemente, empreender e compreender as realidades dos tempos modernos. Por isso nos mantemos em sintonia com as necessidades do mercado jur\u00eddico para viabilizarmos esfor\u00e7os e investimentos a tempo de acompanh\u00e1-las sempre. Com estrutura conectada no servi\u00e7o e antenada no mercado, nosso escrit\u00f3rio est\u00e1 sempre entretido com os assuntos da atualidade.<br \/>\n[\/et_pb_text][\/et_pb_column][\/et_pb_row][\/et_pb_section][et_pb_section fb_built=&#8221;1&#8243; admin_label=&#8221;CTA Section&#8221; _builder_version=&#8221;3.3.1&#8243; use_background_color_gradient=&#8221;on&#8221; background_color_gradient_start=&#8221;#313e47&#8243; background_color_gradient_end=&#8221;rgba(49,62,71,0.74)&#8221; background_color_gradient_overlays_image=&#8221;on&#8221; background_image=&#8221;http:\/\/stsadvogados.adv.br\/site\/wp-content\/uploads\/2018\/05\/law-firm-18.jpg&#8221; border_color_all=&#8221;#26333a&#8221; border_width_left=&#8221;8vw&#8221; custom_padding=&#8221;60px|0px|60px||false|false&#8221;][et_pb_row use_custom_gutter=&#8221;on&#8221; gutter_width=&#8221;2&#8243; admin_label=&#8221;CTA Area&#8221; _builder_version=&#8221;3.3.1&#8243; locked=&#8221;off&#8221;][et_pb_column type=&#8221;2_3&#8243; _builder_version=&#8221;3.0.47&#8243; parallax=&#8221;off&#8221; parallax_method=&#8221;on&#8221;][et_pb_text admin_label=&#8221;Title&#8221; _builder_version=&#8221;3.3.1&#8243; text_font=&#8221;||||||||&#8221; header_font=&#8221;||||||||&#8221; header_2_font=&#8221;Prata||||||||&#8221; header_2_font_size=&#8221;40px&#8221; header_2_font_size_tablet=&#8221;40px&#8221; header_2_font_size_last_edited=&#8221;on|tablet&#8221; header_2_line_height=&#8221;1.6em&#8221; background_layout=&#8221;dark&#8221; module_alignment=&#8221;center&#8221; custom_margin=&#8221;|||&#8221; custom_padding=&#8221;|||&#8221; animation_style=&#8221;fade&#8221; locked=&#8221;off&#8221;]<\/p>\n<h2>Precisa de Orienta\u00e7\u00e3o Jur\u00eddica?<\/h2>\n<p>[\/et_pb_text][\/et_pb_column][et_pb_column type=&#8221;1_3&#8243; _builder_version=&#8221;3.0.47&#8243; parallax=&#8221;off&#8221; parallax_method=&#8221;on&#8221;][et_pb_button button_url=&#8221;http:\/\/stsadvogados.adv.br\/site\/contato\/&#8221; button_text=&#8221;Entre em contato&#8221; _builder_version=&#8221;3.3.1&#8243; custom_button=&#8221;on&#8221; button_text_size=&#8221;14px&#8221; button_text_color=&#8221;#ffba60&#8243; button_border_width=&#8221;2px&#8221; button_border_color=&#8221;rgba(255,164,13,0.4)&#8221; button_border_radius=&#8221;0px&#8221; button_letter_spacing=&#8221;4px&#8221; button_font=&#8221;|700||on|||||&#8221; button_icon=&#8221;%%3%%&#8221; button_bg_color_hover=&#8221;rgba(0,0,0,0)&#8221; custom_margin=&#8221;10px|||&#8221; custom_padding=&#8221;10px||10px|&#8221; animation_style=&#8221;fade&#8221; animation_direction=&#8221;right&#8221;][\/et_pb_button][\/et_pb_column][\/et_pb_row][\/et_pb_section]<\/p>\n","protected":false},"excerpt":{"rendered":"<p>[et_pb_section fb_built=&#8221;1&#8243; admin_label=&#8221;Page Title Section&#8221; _builder_version=&#8221;3.3.1&#8243; use_background_color_gradient=&#8221;on&#8221; background_color_gradient_start=&#8221;rgba(0,44,89,0.85)&#8221; background_color_gradient_end=&#8221;rgba(0,12,11,0.3)&#8221; background_color_gradient_overlays_image=&#8221;on&#8221; background_image=&#8221;http:\/\/stsadvogados.adv.br\/site\/wp-content\/uploads\/2018\/05\/sta-advogados-escritorio-de-advocacia.jpg&#8221; custom_padding=&#8221;90px||90px||false|false&#8221;][et_pb_row admin_label=&#8221;Page Title Area&#8221; _builder_version=&#8221;3.3.1&#8243; background_size=&#8221;initial&#8221; background_position=&#8221;top_left&#8221; background_repeat=&#8221;repeat&#8221;][et_pb_column type=&#8221;4_4&#8243; _builder_version=&#8221;3.0.47&#8243; parallax=&#8221;off&#8221; parallax_method=&#8221;on&#8221;][et_pb_text admin_label=&#8221;Page Title&#8221; _builder_version=&#8221;3.3.1&#8243; text_font_size=&#8221;18px&#8221; text_line_height=&#8221;2em&#8221; header_font=&#8221;Prata||||||||&#8221; header_font_size=&#8221;40px&#8221; header_font_size_tablet=&#8221;40px&#8221; header_font_size_last_edited=&#8221;on|tablet&#8221; header_line_height=&#8221;1.6em&#8221; text_orientation=&#8221;center&#8221; background_layout=&#8221;dark&#8221; max_width=&#8221;700px&#8221; module_alignment=&#8221;center&#8221; custom_margin=&#8221;|||&#8221; animation_style=&#8221;fade&#8221;] Santos Teles &amp; Santos Advogados Nosso escrit\u00f3rio desponta como um novo conceito de escrit\u00f3rio de advocacia. [&hellip;]<\/p>\n","protected":false},"author":1,"featured_media":0,"parent":0,"menu_order":0,"comment_status":"closed","ping_status":"closed","template":"","meta":{"footnotes":""},"class_list":["post-98","page","type-page","status-publish","hentry"],"_links":{"self":[{"href":"https:\/\/stsadvogados.adv.br\/site\/wp-json\/wp\/v2\/pages\/98","targetHints":{"allow":["GET"]}}],"collection":[{"href":"https:\/\/stsadvogados.adv.br\/site\/wp-json\/wp\/v2\/pages"}],"about":[{"href":"https:\/\/stsadvogados.adv.br\/site\/wp-json\/wp\/v2\/types\/page"}],"author":[{"embeddable":true,"href":"https:\/\/stsadvogados.adv.br\/site\/wp-json\/wp\/v2\/users\/1"}],"replies":[{"embeddable":true,"href":"https:\/\/stsadvogados.adv.br\/site\/wp-json\/wp\/v2\/comments?post=98"}],"version-history":[{"count":24,"href":"https:\/\/stsadvogados.adv.br\/site\/wp-json\/wp\/v2\/pages\/98\/revisions"}],"predecessor-version":[{"id":434,"href":"https:\/\/stsadvogados.adv.br\/site\/wp-json\/wp\/v2\/pages\/98\/revisions\/434"}],"wp:attachment":[{"href":"https:\/\/stsadvogados.adv.br\/site\/wp-json\/wp\/v2\/media?parent=98"}],"curies":[{"name":"wp","href":"https:\/\/api.w.org\/{rel}","templated":true}]}}